{"id":34177,"date":"2026-01-14T13:18:23","date_gmt":"2026-01-14T13:18:23","guid":{"rendered":"https:\/\/biss-glass.eu\/product\/pince-droite-avec-pointe-en-tungstene-diametre-3-mm\/"},"modified":"2026-01-14T13:18:23","modified_gmt":"2026-01-14T12:18:23","slug":"pince-droite-avec-pointe-en-tungstene-diametre-3-mm","status":"publish","type":"product","link":"https:\/\/biss-glass.eu\/fr\/produit\/pince-droite-avec-pointe-en-tungstene-diametre-3-mm\/","title":{"rendered":"Pince droite avec pointe en tungst\u00e8ne, diam\u00e8tre 3 mm"},"content":{"rendered":"<p class=\"\" data-start=\"33\" data-end=\"374\">Gr\u00e2ce \u00e0 sa construction robuste et \u00e0 ses pointes en tungst\u00e8ne de 3 mm de haute qualit\u00e9, cette pince est particuli\u00e8rement durable et id\u00e9ale pour un usage intensif. Les pointes aplaties ajoutent une dimension suppl\u00e9mentaire \u00e0 cette pince. Le tungst\u00e8ne ayant une temp\u00e9rature de fusion extr\u00eamement \u00e9lev\u00e9e, le verre ne colle pas facilement \u00e0 la pince.  <\/p>\n","protected":false},"excerpt":{"rendered":"<p>Gr\u00e2ce \u00e0 sa construction robuste et \u00e0 ses pointes en tungst\u00e8ne de 3 mm de haute qualit\u00e9, cette pince est particuli\u00e8rement durable et id\u00e9ale pour un usage intensif. Les pointes aplaties ajoutent une dimension suppl\u00e9mentaire \u00e0 cette pince. Le tungst\u00e8ne ayant une temp\u00e9rature de fusion extr\u00eamement \u00e9lev\u00e9e, le verre ne colle pas facilement \u00e0 la [&hellip;]<\/p>\n","protected":false},"featured_media":761,"template":"","meta":[],"product_brand":[492],"product_cat":[353,455,464],"product_tag":[],"class_list":{"0":"post-34177","1":"product","2":"type-product","3":"status-publish","4":"has-post-thumbnail","6":"product_brand-biss","7":"product_cat-outils-et-equipements","8":"product_cat-pincettes-et-formeurs","9":"product_cat-tungstene","10":"pa_materiaal-acier-inoxydable","11":"pa_materiaal-metal","13":"first","14":"instock","15":"taxable","16":"shipping-taxable","17":"purchasable","18":"product-type-simple"},"ct_brands":[{"id":492,"name":"BISS","slug":"biss"}],"_links":{"self":[{"href":"https:\/\/biss-glass.eu\/fr\/wp-json\/wp\/v2\/product\/34177","targetHints":{"allow":["GET"]}}],"collection":[{"href":"https:\/\/biss-glass.eu\/fr\/wp-json\/wp\/v2\/product"}],"about":[{"href":"https:\/\/biss-glass.eu\/fr\/wp-json\/wp\/v2\/types\/product"}],"wp:featuredmedia":[{"embeddable":true,"href":"https:\/\/biss-glass.eu\/fr\/wp-json\/wp\/v2\/media\/761"}],"wp:attachment":[{"href":"https:\/\/biss-glass.eu\/fr\/wp-json\/wp\/v2\/media?parent=34177"}],"wp:term":[{"taxonomy":"product_brand","embeddable":true,"href":"https:\/\/biss-glass.eu\/fr\/wp-json\/wp\/v2\/product_brand?post=34177"},{"taxonomy":"product_cat","embeddable":true,"href":"https:\/\/biss-glass.eu\/fr\/wp-json\/wp\/v2\/product_cat?post=34177"},{"taxonomy":"product_tag","embeddable":true,"href":"https:\/\/biss-glass.eu\/fr\/wp-json\/wp\/v2\/product_tag?post=34177"}],"curies":[{"name":"wp","href":"https:\/\/api.w.org\/{rel}","templated":true}]}}